{"id":15,"date":"2024-05-07T04:13:21","date_gmt":"2024-05-07T02:13:21","guid":{"rendered":"https:\/\/withlovenuria.com\/?page_id=15"},"modified":"2025-08-22T19:07:30","modified_gmt":"2025-08-22T17:07:30","slug":"acerca-de","status":"publish","type":"page","link":"https:\/\/withlovenuria.com\/en\/acerca-de\/","title":{"rendered":"About"},"content":{"rendered":"<div class=\"wp-block-stackable-columns alignfull stk-block-columns stk-block stk-72cc922 stk-block-background\" data-block-id=\"72cc922\"><style>.stk-72cc922 {background-color:#f8f3dc !important;margin-top:25px !important;}.stk-72cc922:before{background-color:#f8f3dc !important;}<\/style><div class=\"stk-row stk-inner-blocks stk-block-content stk-content-align stk-72cc922-column\">\n<div class=\"wp-block-stackable-column stk-block-column stk-column stk-block stk-67243f0\" data-v=\"4\" data-block-id=\"67243f0\"><div class=\"stk-column-wrapper stk-block-column__content stk-container stk-67243f0-container stk--no-background stk--no-padding\"><div class=\"stk-block-content stk-inner-blocks stk-67243f0-inner-blocks\">\n<div class=\"wp-block-stackable-heading stk-block-heading stk-block-heading--v2 stk-block stk-dde4e84\" id=\"sobre-mi\" data-block-id=\"dde4e84\"><h1 class=\"stk-block-heading__text\">About<\/h1><\/div>\n\n\n<\/div><\/div><\/div>\n<\/div><\/div>\n\n\n\n<div class=\"wp-block-stackable-columns stk-block-columns stk-block stk-0cf3040\" data-block-id=\"0cf3040\"><style>.stk-0cf3040-column{--stk-column-gap:53px !important;}<\/style><div class=\"stk-row stk-inner-blocks stk-block-content stk-content-align stk-0cf3040-column\">\n<div class=\"wp-block-stackable-column stk-block-column stk-column stk-block stk-db84abe\" data-v=\"4\" data-block-id=\"db84abe\"><style>.stk-db84abe {align-self:center !important;}<\/style><div class=\"stk-column-wrapper stk-block-column__content stk-container stk-db84abe-container stk--no-background stk--no-padding\"><div class=\"stk-block-content stk-inner-blocks stk-db84abe-inner-blocks\">\n<p>Welcome!<\/p>\n\n\n\n<p>I\u2019m Nuria, passionate about travel, and I\u2019d love to share my adventures with you.<\/p>\n\n\n\n<p>I invite you to join me on a journey beyond borders, where each destination holds the promise of unforgettable experiences.<\/p>\n\n\n\n<p>Through storytelling and photography, I hope to ignite the spark of curiosity within you, inspiring you to step beyond your comfort zones and embark on your own extraordinary journeys.<\/p>\n\n\n\n<p>But in addition to sharing my adventures, I aspire to create a community where we can swap stories, share tips, and inspire one another to dream big and travel far. After all, the joy of travel is not just in the places we visit, but in the connections we make along the way.<\/p>\n\n\n\n<p>So, whether you're an experienced traveller or someone who loves to explore from the comfort of home, I invite you to join me as we embark on this exciting journey together. Let's wander, wonder, and wanderlust to our heart's content, creating memories that will last a lifetime.<\/p>\n\n\n\n<p>With love,<\/p>\n\n\n\n<p>Nuria<\/p>\n<\/div><\/div><\/div>\n\n\n\n<div class=\"wp-block-stackable-column stk-block-column stk-column stk-block stk-d82da9e\" data-v=\"4\" data-block-id=\"d82da9e\"><style>.stk-d82da9e {border-top-left-radius:0px !important;border-top-right-radius:0px !important;border-bottom-right-radius:0px !important;border-bottom-left-radius:0px !important;overflow:hidden !important;}<\/style><div class=\"stk-column-wrapper stk-block-column__content stk-container stk-d82da9e-container stk--no-background stk--no-padding\"><div class=\"stk-block-content stk-inner-blocks stk-d82da9e-inner-blocks\">\n<div class=\"wp-block-stackable-image stk-block-image stk-block stk-15185d2 stk-block-background\" data-block-id=\"15185d2\"><style>.stk-15185d2 {background-color:#f2dfb37a !important;border-top-left-radius:12px !important;border-top-right-radius:12px !important;border-bottom-right-radius:12px !important;border-bottom-left-radius:12px !important;overflow:hidden !important;min-height:0px !important;padding-top:32px !important;padding-right:32px !important;padding-bottom:32px !important;padding-left:32px !important;}.stk-15185d2:before{background-color:#f2dfb37a !important;}.stk-15185d2 .stk-img-wrapper img{border-radius:12px !important;object-position:55.00000000000001% 24% !important;}<\/style><figure><span class=\"stk-img-wrapper stk-image--shape-stretch\"><img loading=\"lazy\" decoding=\"async\" class=\"stk-img wp-image-87\" src=\"https:\/\/withlovenuria.com\/wp-content\/uploads\/2024\/05\/Iceland_About-Page_withe_love_nuria.jpg\" width=\"700\" height=\"700\" srcset=\"https:\/\/withlovenuria.com\/wp-content\/uploads\/2024\/05\/Iceland_About-Page_withe_love_nuria.jpg 700w, https:\/\/withlovenuria.com\/wp-content\/uploads\/2024\/05\/Iceland_About-Page_withe_love_nuria-300x300.jpg 300w, https:\/\/withlovenuria.com\/wp-content\/uploads\/2024\/05\/Iceland_About-Page_withe_love_nuria-150x150.jpg 150w\" sizes=\"auto, (max-width: 700px) 100vw, 700px\" \/><\/span><\/figure><\/div>\n<\/div><\/div><\/div>\n<\/div><\/div>\n\n\n\n<div class=\"wp-block-stackable-spacer stk-block-spacer stk--no-padding stk-block stk-00b2bd6\" data-block-id=\"00b2bd6\"><\/div>","protected":false},"excerpt":{"rendered":"<p>Sobre m\u00ed \u00a1Bienvenidos! Soy Nuria, una apasionada de los viajes, y me encantar\u00eda compartir mis aventuras contigo. Te invito a acompa\u00f1arme en un viaje sin fronteras, donde cada destino guarda la promesa de experiencias inolvidables. A trav\u00e9s de mis relatos y fotograf\u00edas espero despertar tu curiosidad, inspirarte a salir de tu zona de confort y [&hellip;]<\/p>\n","protected":false},"author":1,"featured_media":0,"parent":0,"menu_order":0,"comment_status":"closed","ping_status":"closed","template":"","meta":{"footnotes":""},"folder":[],"class_list":["post-15","page","type-page","status-publish","hentry"],"blocksy_meta":{"has_hero_section":"disabled","styles_descriptor":{"styles":{"desktop":"","tablet":"","mobile":""},"google_fonts":[],"version":6},"vertical_spacing_source":"custom","content_area_spacing":"none"},"_links":{"self":[{"href":"https:\/\/withlovenuria.com\/en\/wp-json\/wp\/v2\/pages\/15","targetHints":{"allow":["GET"]}}],"collection":[{"href":"https:\/\/withlovenuria.com\/en\/wp-json\/wp\/v2\/pages"}],"about":[{"href":"https:\/\/withlovenuria.com\/en\/wp-json\/wp\/v2\/types\/page"}],"author":[{"embeddable":true,"href":"https:\/\/withlovenuria.com\/en\/wp-json\/wp\/v2\/users\/1"}],"replies":[{"embeddable":true,"href":"https:\/\/withlovenuria.com\/en\/wp-json\/wp\/v2\/comments?post=15"}],"version-history":[{"count":20,"href":"https:\/\/withlovenuria.com\/en\/wp-json\/wp\/v2\/pages\/15\/revisions"}],"predecessor-version":[{"id":715,"href":"https:\/\/withlovenuria.com\/en\/wp-json\/wp\/v2\/pages\/15\/revisions\/715"}],"wp:attachment":[{"href":"https:\/\/withlovenuria.com\/en\/wp-json\/wp\/v2\/media?parent=15"}],"wp:term":[{"taxonomy":"folder","embeddable":true,"href":"https:\/\/withlovenuria.com\/en\/wp-json\/wp\/v2\/folder?post=15"}],"curies":[{"name":"wp","href":"https:\/\/api.w.org\/{rel}","templated":true}]}}